{"id":3345,"date":"2025-01-05T23:13:43","date_gmt":"2025-01-05T22:13:43","guid":{"rendered":"https:\/\/ferienhaus-insel-krk.eu\/2\/?page_id=3345"},"modified":"2025-01-05T23:18:17","modified_gmt":"2025-01-05T22:18:17","slug":"impressum","status":"publish","type":"page","link":"https:\/\/ferienhaus-insel-krk.eu\/2\/impressum\/","title":{"rendered":"Impressum"},"content":{"rendered":"\t\t<div data-elementor-type=\"wp-page\" data-elementor-id=\"3345\" class=\"elementor elementor-3345\" data-elementor-post-type=\"page\">\n\t\t\t\t<div class=\"elementor-element elementor-element-292dcd23 e-flex e-con-boxed e-con e-parent\" data-id=\"292dcd23\" data-element_type=\"container\">\n\t\t\t\t\t<div class=\"e-con-inner\">\n\t\t\t\t<div class=\"elementor-element elementor-element-33a8814b elementor-widget elementor-widget-text-editor\" data-id=\"33a8814b\" data-element_type=\"widget\" data-widget_type=\"text-editor.default\">\n\t\t\t\t<div class=\"elementor-widget-container\">\n\t\t\t\t\t\t\t\t\t\n<div>\n<div dir=\"auto\">\n<div>\n<h3 class=\"wp-block-heading\">\u00a0<\/h3>\n<h3>\u00a0<\/h3>\n<h3>\u00a0<\/h3>\n<h3><strong>Impressum<\/strong><\/h3>\n<p>\u00a0<\/p>\n<p><strong>Verantwortlich f\u00fcr den Inhalt:<\/strong><br \/>Familie Popovi\u0107<br \/>Zvonimir Popovi\u0107, Biserka Ki\u0161ak-Popovi\u0107 und Tomislav Popovi\u0107<br \/>\u010ci\u017ei\u0107i 310E<\/p>\n<p>\u010ci\u017ei\u0107i<br \/>51514 Dobrinj<\/p>\n<p><strong>Kontaktinformationen:<\/strong><br \/>Telefon: +385 98 81 88 91<br \/>E-Mail:\u00a0<a href=\"mailto:info@ferienhaus-insel-krk.eu\" target=\"_blank\" rel=\"noopener\">info@ferienhaus-insel-krk.eu<\/a><br \/>Webseite:\u00a0<a href=\"http:\/\/www.ferienhaus-insel-krk.eu\/\" target=\"_blank\" rel=\"noopener\" data-saferedirecturl=\"https:\/\/www.google.com\/url?q=http:\/\/www.ferienhaus-insel-krk.eu&amp;source=gmail&amp;ust=1736198886617000&amp;usg=AOvVaw2tSouI8Ti59O7Vqd4IjScM\">www.ferienhaus-insel-krk.eu<\/a><\/p>\n<p><strong>Rechtliche Hinweise:<\/strong><br \/>Wir sind ein privater Anbieter und kein Unternehmen. Der Inhalt dieser Webseite wurde mit gr\u00f6\u00dftm\u00f6glicher Sorgfalt erstellt. Dennoch \u00fcbernehmen wir keine Haftung f\u00fcr die Vollst\u00e4ndigkeit oder Richtigkeit der bereitgestellten Informationen.<\/p>\n<p><strong>Haftung f\u00fcr externe Links:<\/strong><br \/>Unsere Webseite kann Links zu externen Webseiten enthalten. F\u00fcr den Inhalt der verlinkten Seiten sind ausschlie\u00dflich deren Betreiber verantwortlich.<\/p>\n<\/div>\n<\/div>\n<\/div>\t\t\t\t\t\t\t\t<\/div>\n\t\t\t\t<\/div>\n\t\t\t\t\t<\/div>\n\t\t\t\t<\/div>\n\t\t\t\t<\/div>\n\t\t","protected":false},"excerpt":{"rendered":"<p>\u00a0 \u00a0 \u00a0 Impressum \u00a0 Verantwortlich f\u00fcr den Inhalt:Familie Popovi\u0107Zvonimir Popovi\u0107, Biserka Ki\u0161ak-Popovi\u0107 und Tomislav Popovi\u0107\u010ci\u017ei\u0107i 310E \u010ci\u017ei\u0107i51514 Dobrinj Kontaktinformationen:Telefon: +385 98 81 88 91E-Mail:\u00a0info@ferienhaus-insel-krk.euWebseite:\u00a0www.ferienhaus-insel-krk.eu Rechtliche Hinweise:Wir sind ein privater Anbieter und kein Unternehmen. Der Inhalt dieser Webseite wurde mit gr\u00f6\u00dftm\u00f6glicher Sorgfalt erstellt. Dennoch \u00fcbernehmen wir keine Haftung f\u00fcr die Vollst\u00e4ndigkeit oder Richtigkeit der bereitgestellten &#8230;<\/p>\n","protected":false},"author":1,"featured_media":0,"parent":0,"menu_order":0,"comment_status":"closed","ping_status":"closed","template":"elementor_header_footer","meta":{"cozystay_single_page_hide_site_header":"","cozystay_single_page_site_header_source":"","cozystay_single_page_custom_site_header":"0","cozystay_single_page_custom_sticky_site_header":"0","cozystay_single_page_hide_page_title":"","cozystay_single_page_header_section_size":"","cozystay_single_page_header_background_color":"","cozystay_single_page_header_background_position_x":"center","cozystay_single_page_header_background_position_y":"center","cozystay_single_page_header_background_size":"cover","cozystay_single_page_header_background_repeat":"off","cozystay_single_page_header_background_scroll":"on","cozystay_single_page_header_text_color":"","cozystay_single_page_header_show_breadcrumb":"","cozystay_single_page_site_footer_hide_main":"","cozystay_single_custom_site_footer_main_source":"","cozystay_single_custom_site_footer_main":"0","cozystay_single_page_site_footer_hide_above":"","cozystay_single_custom_site_footer_above_source":"","cozystay_single_custom_site_footer_above":"0","cozystay_single_page_site_footer_hide_instagram":"","cozystay_single_page_site_footer_hide_bottom":"","cozystay_single_custom_mobile_menu_source":"","cozystay_single_custom_mobile_menu":"0","cozystay_single_custom_mobile_menu_animation":"","cozystay_single_custom_mobile_menu_width":"","cozystay_single_custom_mobile_menu_custom_width":375,"footnotes":""},"class_list":["post-3345","page","type-page","status-publish","hentry"],"lang":"de","translations":{"de":3345},"pll_sync_post":[],"_links":{"self":[{"href":"https:\/\/ferienhaus-insel-krk.eu\/2\/wp-json\/wp\/v2\/pages\/3345","targetHints":{"allow":["GET"]}}],"collection":[{"href":"https:\/\/ferienhaus-insel-krk.eu\/2\/wp-json\/wp\/v2\/pages"}],"about":[{"href":"https:\/\/ferienhaus-insel-krk.eu\/2\/wp-json\/wp\/v2\/types\/page"}],"author":[{"embeddable":true,"href":"https:\/\/ferienhaus-insel-krk.eu\/2\/wp-json\/wp\/v2\/users\/1"}],"replies":[{"embeddable":true,"href":"https:\/\/ferienhaus-insel-krk.eu\/2\/wp-json\/wp\/v2\/comments?post=3345"}],"version-history":[{"count":10,"href":"https:\/\/ferienhaus-insel-krk.eu\/2\/wp-json\/wp\/v2\/pages\/3345\/revisions"}],"predecessor-version":[{"id":3363,"href":"https:\/\/ferienhaus-insel-krk.eu\/2\/wp-json\/wp\/v2\/pages\/3345\/revisions\/3363"}],"wp:attachment":[{"href":"https:\/\/ferienhaus-insel-krk.eu\/2\/wp-json\/wp\/v2\/media?parent=3345"}],"curies":[{"name":"wp","href":"https:\/\/api.w.org\/{rel}","templated":true}]}}