{"id":3246,"date":"2025-01-03T18:47:59","date_gmt":"2025-01-03T17:47:59","guid":{"rendered":"https:\/\/ferienhaus-insel-krk.eu\/2\/?page_id=3246"},"modified":"2025-01-05T22:25:15","modified_gmt":"2025-01-05T21:25:15","slug":"sehenswuerdigkeiten","status":"publish","type":"page","link":"https:\/\/ferienhaus-insel-krk.eu\/2\/sehenswuerdigkeiten\/","title":{"rendered":"Sehensw\u00fcrdigkeiten"},"content":{"rendered":"\t\t<div data-elementor-type=\"wp-page\" data-elementor-id=\"3246\" class=\"elementor elementor-3246\" data-elementor-post-type=\"page\">\n\t\t\t\t\t\t<section class=\"elementor-section elementor-top-section elementor-element elementor-element-801451a elementor-section-height-min-height cs-section-content-fullwidth cs-parallax-on-scroll cs_scroll_y_80 elementor-section-boxed elementor-section-height-default elementor-section-items-middle\" data-id=\"801451a\" data-element_type=\"section\" data-settings=\"{&quot;background_background&quot;:&quot;classic&quot;}\" data-cs-parallax-y=\"80\" style=\"background-image: none;\" data-cs-background-image=\"https:\/\/ferienhaus-insel-krk.eu\/2\/wp-content\/uploads\/2025\/01\/zaglavlje_znamenitosti_peltastis-1.jpg\" data-cs-background-image-alt-text=\"\">\n\t\t\t\t\t\t\t<div class=\"elementor-background-overlay\"><\/div>\n\t\t\t\t\t\t\t<div class=\"elementor-container elementor-column-gap-no\">\n\t\t\t\t\t<div class=\"elementor-column elementor-col-100 elementor-top-column elementor-element elementor-element-7844eab dark-color\" data-id=\"7844eab\" data-element_type=\"column\">\n\t\t\t<div class=\"elementor-widget-wrap elementor-element-populated\">\n\t\t\t\t\t\t<div class=\"elementor-element elementor-element-b753ce4 elementor-widget elementor-widget-cs_title\" data-id=\"b753ce4\" data-element_type=\"widget\" data-widget_type=\"cs_title.default\">\n\t\t\t\t<div class=\"elementor-widget-container\">\n\t\t\t\t\t\n        <div class=\"cs-title-wrap text-center\">\t            <h1 class=\"cs-title\">\n\t                Sehensw\u00fcrdigkeiten\t            <\/h1>        <\/div>\t\t\t\t<\/div>\n\t\t\t\t<\/div>\n\t\t\t\t\t<\/div>\n\t\t<\/div>\n\t\t\t\t\t<\/div>\n\t\t<\/section>\n\t\t\t\t<section class=\"elementor-section elementor-top-section elementor-element elementor-element-794445d elementor-section-boxed elementor-section-height-default elementor-section-height-default\" data-id=\"794445d\" data-element_type=\"section\">\n\t\t\t\t\t\t<div class=\"elementor-container elementor-column-gap-no\">\n\t\t\t\t\t<div class=\"elementor-column elementor-col-100 elementor-top-column elementor-element elementor-element-559ab60\" data-id=\"559ab60\" data-element_type=\"column\">\n\t\t\t<div class=\"elementor-widget-wrap elementor-element-populated\">\n\t\t\t\t\t\t<div class=\"elementor-element elementor-element-4f7870c elementor-widget elementor-widget-cs_title\" data-id=\"4f7870c\" data-element_type=\"widget\" data-widget_type=\"cs_title.default\">\n\t\t\t\t<div class=\"elementor-widget-container\">\n\t\t\t\t\t\n        <div class=\"cs-title-wrap\">\t            <div class=\"cs-title-text\">\n\t                <p>Vielleicht schon seit dem 7. Jahrhundert, und ganz sicher \u201eseit 1100 nach Christus\u201c, sind sie hier \u2013 Menschen mit nur einer Vision, nur einem Ziel: zu \u00fcberleben. Mit nichts als ihrem Willen als innerer St\u00fctze und ihren wunden, schwieligen H\u00e4nden als einzigem Werkzeug. Erde, Stein, Holz, Sand, Meer, Wasser \u2013 alles ging durch ihre H\u00e4nde. Diese H\u00e4nde, die sich bewusst der K\u00e4lte und Hitze, den Wunden und Schmerzen aussetzten, formten ihr eigenes Leben, das ihrer Nachkommen und hinterlie\u00dfen dabei St\u00fcck f\u00fcr St\u00fcck die Geschichte von Dobrinj und seiner Umgebung.<\/p><p>Seit jener ersten Erw\u00e4hnung im Jahr \u201e1100 nach Christus\u201c haben diese H\u00e4nde bleibende Spuren hinterlassen. Spuren eines st\u00e4ndigen \u00dcberlebenskampfs, die selbst Jahrhunderte und viele andere K\u00e4mpfe und Katastrophen \u00fcberdauert haben. Heute sind sie nur noch Symbole \u2013 Erinnerungen an eine andere Zeit. Auf der Suche nach diesen Spuren der Vergangenheit stie\u00dfen wir auf zahlreiche wertvolle \u00dcberbleibsel, oft verborgen oder wenig hervorgehoben. Mithilfe dieses Katalogs k\u00f6nnen Sie sie entdecken. Sie sind es wert, betrachtet zu werden \u2013 und bewahrt zu bleiben. Denn all dies haben sie geschaffen: einfache, kleine Menschen mit gro\u00dfem Mut.<\/p>\t            <\/div>        <\/div>\t\t\t\t<\/div>\n\t\t\t\t<\/div>\n\t\t\t\t\t<\/div>\n\t\t<\/div>\n\t\t\t\t\t<\/div>\n\t\t<\/section>\n\t\t\t\t<section class=\"elementor-section elementor-top-section elementor-element elementor-element-cc4dc46 elementor-section-boxed elementor-section-height-default elementor-section-height-default\" data-id=\"cc4dc46\" data-element_type=\"section\">\n\t\t\t\t\t\t<div class=\"elementor-container elementor-column-gap-no\">\n\t\t\t\t\t<div class=\"elementor-column elementor-col-50 elementor-top-column elementor-element elementor-element-7ee28e9\" data-id=\"7ee28e9\" data-element_type=\"column\">\n\t\t\t<div class=\"elementor-widget-wrap elementor-element-populated\">\n\t\t\t\t\t\t<div class=\"elementor-element elementor-element-286bc53 elementor-widget elementor-widget-cs_title\" data-id=\"286bc53\" data-element_type=\"widget\" data-widget_type=\"cs_title.default\">\n\t\t\t\t<div class=\"elementor-widget-container\">\n\t\t\t\t\t\n        <div class=\"cs-title-wrap\">\t            <div class=\"cs-subtitle-wrap\"><span class=\"cs-subtitle\">STANDORT:DOBRINJ, N 45 07.818, E 14 36.217\n\n<\/span><\/div>\t            <h2 class=\"cs-title\">\n\t                Galerie Infeld\t            <\/h2>\t            <div class=\"cs-title-text\">\n\t                <p>Anfang des 20. Jahrhunderts war das Haus des Seefahrers Franjo Vu\u0161kovi\u0107 eine wahre Attraktion. Au\u00dfen zog es mit seinem Baustil und der bunten Fassade alle Blicke auf sich, innen \u00fcberraschte es mit einem einzigartigen Klanggemisch: die Musik eines Schallplattenspielers vereinte sich mit den Ges\u00e4ngen eines Papageis, den Vu\u0161kovi\u0107 von einer Reise mitgebracht hatte.<\/p><p>90 Jahre sp\u00e4ter lie\u00df Peter Infeld, einer der weltweit bedeutendsten Kunstsammler, das Geb\u00e4ude authentisch restaurieren. Er erweiterte den Innenraum auf \u00fcber 400 m\u00b2 und hauchte dem Haus neues Leben ein. Heute zieht die \u201eDobrinjer Dame\u201c, wie sie liebevoll genannt wird, erneut die Aufmerksamkeit zahlreicher Besucher auf sich. Dank Peter Infelds Engagement bleibt die Geschichte des Hauses lebendig.<\/p>\t            <\/div>        <\/div>\t\t\t\t<\/div>\n\t\t\t\t<\/div>\n\t\t\t\t<div class=\"elementor-element elementor-element-66a6b58 elementor-widget elementor-widget-image\" data-id=\"66a6b58\" data-element_type=\"widget\" data-widget_type=\"image.default\">\n\t\t\t\t<div class=\"elementor-widget-container\">\n\t\t\t\t\t\t\t\t\t\t\t\t\t\t\t<img fetchpriority=\"high\" decoding=\"async\" width=\"1024\" height=\"527\" src=\"https:\/\/ferienhaus-insel-krk.eu\/2\/wp-content\/uploads\/2025\/01\/zaglavlje-muzej-1-1024x527.jpg\" class=\"attachment-large size-large wp-image-3262\" alt=\"\" srcset=\"https:\/\/ferienhaus-insel-krk.eu\/2\/wp-content\/uploads\/2025\/01\/zaglavlje-muzej-1-1024x527.jpg 1024w, https:\/\/ferienhaus-insel-krk.eu\/2\/wp-content\/uploads\/2025\/01\/zaglavlje-muzej-1-300x154.jpg 300w, https:\/\/ferienhaus-insel-krk.eu\/2\/wp-content\/uploads\/2025\/01\/zaglavlje-muzej-1-768x395.jpg 768w, https:\/\/ferienhaus-insel-krk.eu\/2\/wp-content\/uploads\/2025\/01\/zaglavlje-muzej-1-1536x791.jpg 1536w, https:\/\/ferienhaus-insel-krk.eu\/2\/wp-content\/uploads\/2025\/01\/zaglavlje-muzej-1-1440x741.jpg 1440w, https:\/\/ferienhaus-insel-krk.eu\/2\/wp-content\/uploads\/2025\/01\/zaglavlje-muzej-1-1200x618.jpg 1200w, https:\/\/ferienhaus-insel-krk.eu\/2\/wp-content\/uploads\/2025\/01\/zaglavlje-muzej-1-780x401.jpg 780w, https:\/\/ferienhaus-insel-krk.eu\/2\/wp-content\/uploads\/2025\/01\/zaglavlje-muzej-1-600x309.jpg 600w, https:\/\/ferienhaus-insel-krk.eu\/2\/wp-content\/uploads\/2025\/01\/zaglavlje-muzej-1-550x283.jpg 550w, https:\/\/ferienhaus-insel-krk.eu\/2\/wp-content\/uploads\/2025\/01\/zaglavlje-muzej-1-370x190.jpg 370w, https:\/\/ferienhaus-insel-krk.eu\/2\/wp-content\/uploads\/2025\/01\/zaglavlje-muzej-1-255x131.jpg 255w, https:\/\/ferienhaus-insel-krk.eu\/2\/wp-content\/uploads\/2025\/01\/zaglavlje-muzej-1.jpg 1904w\" sizes=\"(max-width: 1024px) 100vw, 1024px\" \/>\t\t\t\t\t\t\t\t\t\t\t\t\t\t\t<\/div>\n\t\t\t\t<\/div>\n\t\t\t\t\t<\/div>\n\t\t<\/div>\n\t\t\t\t<div class=\"elementor-column elementor-col-50 elementor-top-column elementor-element elementor-element-507156d\" data-id=\"507156d\" data-element_type=\"column\">\n\t\t\t<div class=\"elementor-widget-wrap elementor-element-populated\">\n\t\t\t\t\t\t<div class=\"elementor-element elementor-element-937a417 elementor-widget elementor-widget-cs_title\" data-id=\"937a417\" data-element_type=\"widget\" data-widget_type=\"cs_title.default\">\n\t\t\t\t<div class=\"elementor-widget-container\">\n\t\t\t\t\t\n        <div class=\"cs-title-wrap\">\t            <div class=\"cs-subtitle-wrap\"><span class=\"cs-subtitle\">STANDORT:SOLINE, N 45\u00b0 11.246', E 14\u00b0 36.587\n\n<\/span><\/div>\t            <h2 class=\"cs-title\">\n\t                H\u00f6hle Biserujka\n\t            <\/h2>\t            <div class=\"cs-title-text\">\n\t                <p>Den Spuren der Zivilisation zu entkommen, scheint unm\u00f6glich \u2013 oder etwa doch? In Rudine, einem kleinen Ort an der Ostk\u00fcste der Insel Krk, w\u00fcrde man das \u201evielleicht\u201c selbstbewusst durch \u201eauf jeden Fall\u201c ersetzen. Obwohl Rudine der modernen Zeit nicht verschlossen ist, bewahrt es seine Urspr\u00fcnglichkeit und bleibt seinen alten Bauweisen treu.<\/p><p>Ganz in der N\u00e4he befindet sich die H\u00f6hle Biserujka, eine 110 Meter lange Karsth\u00f6hle, die angeblich einen von Piraten versteckten Schatz birgt. Niemand hat diesen Schatz bislang gefunden \u2013 vielleicht haben Sie ja das n\u00f6tige Gl\u00fcck? Und w\u00e4hrend Sie danach suchen, k\u00f6nnen Sie den einzigen Bewohner der H\u00f6hle treffen: die winzige, nur 5 Millimeter gro\u00dfe endemische Asselart Alpioniscus christiani. Ein kleiner Schatz der Natur!<\/p>\t            <\/div>        <\/div>\t\t\t\t<\/div>\n\t\t\t\t<\/div>\n\t\t\t\t<div class=\"elementor-element elementor-element-7064585 elementor-widget-divider--view-line elementor-widget elementor-widget-divider\" data-id=\"7064585\" data-element_type=\"widget\" data-widget_type=\"divider.default\">\n\t\t\t\t<div class=\"elementor-widget-container\">\n\t\t\t\t\t\t\t<div class=\"elementor-divider\">\n\t\t\t<span class=\"elementor-divider-separator\">\n\t\t\t\t\t\t<\/span>\n\t\t<\/div>\n\t\t\t\t\t\t<\/div>\n\t\t\t\t<\/div>\n\t\t\t\t<div class=\"elementor-element elementor-element-659ba74 elementor-widget elementor-widget-image\" data-id=\"659ba74\" data-element_type=\"widget\" data-widget_type=\"image.default\">\n\t\t\t\t<div class=\"elementor-widget-container\">\n\t\t\t\t\t\t\t\t\t\t\t\t\t\t\t<img decoding=\"async\" width=\"1024\" height=\"527\" src=\"https:\/\/ferienhaus-insel-krk.eu\/2\/wp-content\/uploads\/2025\/01\/zaglavlje_znamenitosti_biserujka-1-1024x527.jpg\" class=\"attachment-large size-large wp-image-3263\" alt=\"\" srcset=\"https:\/\/ferienhaus-insel-krk.eu\/2\/wp-content\/uploads\/2025\/01\/zaglavlje_znamenitosti_biserujka-1-1024x527.jpg 1024w, https:\/\/ferienhaus-insel-krk.eu\/2\/wp-content\/uploads\/2025\/01\/zaglavlje_znamenitosti_biserujka-1-300x154.jpg 300w, https:\/\/ferienhaus-insel-krk.eu\/2\/wp-content\/uploads\/2025\/01\/zaglavlje_znamenitosti_biserujka-1-768x395.jpg 768w, https:\/\/ferienhaus-insel-krk.eu\/2\/wp-content\/uploads\/2025\/01\/zaglavlje_znamenitosti_biserujka-1-1536x791.jpg 1536w, https:\/\/ferienhaus-insel-krk.eu\/2\/wp-content\/uploads\/2025\/01\/zaglavlje_znamenitosti_biserujka-1-1440x741.jpg 1440w, https:\/\/ferienhaus-insel-krk.eu\/2\/wp-content\/uploads\/2025\/01\/zaglavlje_znamenitosti_biserujka-1-1200x618.jpg 1200w, https:\/\/ferienhaus-insel-krk.eu\/2\/wp-content\/uploads\/2025\/01\/zaglavlje_znamenitosti_biserujka-1-780x401.jpg 780w, https:\/\/ferienhaus-insel-krk.eu\/2\/wp-content\/uploads\/2025\/01\/zaglavlje_znamenitosti_biserujka-1-600x309.jpg 600w, https:\/\/ferienhaus-insel-krk.eu\/2\/wp-content\/uploads\/2025\/01\/zaglavlje_znamenitosti_biserujka-1-550x283.jpg 550w, https:\/\/ferienhaus-insel-krk.eu\/2\/wp-content\/uploads\/2025\/01\/zaglavlje_znamenitosti_biserujka-1-370x190.jpg 370w, https:\/\/ferienhaus-insel-krk.eu\/2\/wp-content\/uploads\/2025\/01\/zaglavlje_znamenitosti_biserujka-1-255x131.jpg 255w, https:\/\/ferienhaus-insel-krk.eu\/2\/wp-content\/uploads\/2025\/01\/zaglavlje_znamenitosti_biserujka-1.jpg 1904w\" sizes=\"(max-width: 1024px) 100vw, 1024px\" \/>\t\t\t\t\t\t\t\t\t\t\t\t\t\t\t<\/div>\n\t\t\t\t<\/div>\n\t\t\t\t\t<\/div>\n\t\t<\/div>\n\t\t\t\t\t<\/div>\n\t\t<\/section>\n\t\t\t\t<section class=\"elementor-section elementor-top-section elementor-element elementor-element-443815c elementor-section-boxed elementor-section-height-default elementor-section-height-default\" data-id=\"443815c\" data-element_type=\"section\">\n\t\t\t\t\t\t<div class=\"elementor-container elementor-column-gap-no\">\n\t\t\t\t\t<div class=\"elementor-column elementor-col-50 elementor-top-column elementor-element elementor-element-48a8cbc\" data-id=\"48a8cbc\" data-element_type=\"column\">\n\t\t\t<div class=\"elementor-widget-wrap elementor-element-populated\">\n\t\t\t\t\t\t<div class=\"elementor-element elementor-element-d70b45b elementor-widget elementor-widget-cs_title\" data-id=\"d70b45b\" data-element_type=\"widget\" data-widget_type=\"cs_title.default\">\n\t\t\t\t<div class=\"elementor-widget-container\">\n\t\t\t\t\t\n        <div class=\"cs-title-wrap\">\t            <div class=\"cs-subtitle-wrap\"><span class=\"cs-subtitle\">STANDORT:SOLINE, N 45\u00b0 11.246', E 14\u00b0 36.587\n\n\n<\/span><\/div>\t            <h2 class=\"cs-title\">\n\t                Insel \u0160koji\u0107\t            <\/h2>\t            <div class=\"cs-title-text\">\n\t                <p>Ob bei Regen oder Sonnenschein, Nebel oder klarem Himmel \u2013 die kleine Insel \u0160koji\u0107 bleibt immer gut sichtbar. Selbst wenn Sie nicht bewusst in ihre Richtung blicken, scheint sie sich Ihnen aufzudr\u00e4ngen, fast so, als w\u00fcrde sie sagen: \u201eHier bin ich!\u201c<\/p><p>Trotz ihrer bescheidenen Gr\u00f6\u00dfe birgt die Insel eine faszinierende Geschichte. Hier finden Sie die \u00dcberreste des ehemaligen Restaurants \u201eVeli \u0160koj\u201c, das der Insel auch einen ihrer Namen verlieh: \u201eVeli \u0160kolji\u0107\u201c. Doch die meisten nennen sie einfach nur \u201e\u0160koj\u201c.<\/p>\t            <\/div>        <\/div>\t\t\t\t<\/div>\n\t\t\t\t<\/div>\n\t\t\t\t<div class=\"elementor-element elementor-element-54d8439 elementor-widget elementor-widget-image\" data-id=\"54d8439\" data-element_type=\"widget\" data-widget_type=\"image.default\">\n\t\t\t\t<div class=\"elementor-widget-container\">\n\t\t\t\t\t\t\t\t\t\t\t\t\t\t\t<img decoding=\"async\" width=\"1024\" height=\"527\" src=\"https:\/\/ferienhaus-insel-krk.eu\/2\/wp-content\/uploads\/2025\/01\/zaglavlje_znamenitosti_otocic_skojic-1-1024x527.jpg\" class=\"attachment-large size-large wp-image-3269\" alt=\"\" srcset=\"https:\/\/ferienhaus-insel-krk.eu\/2\/wp-content\/uploads\/2025\/01\/zaglavlje_znamenitosti_otocic_skojic-1-1024x527.jpg 1024w, https:\/\/ferienhaus-insel-krk.eu\/2\/wp-content\/uploads\/2025\/01\/zaglavlje_znamenitosti_otocic_skojic-1-300x154.jpg 300w, https:\/\/ferienhaus-insel-krk.eu\/2\/wp-content\/uploads\/2025\/01\/zaglavlje_znamenitosti_otocic_skojic-1-768x395.jpg 768w, https:\/\/ferienhaus-insel-krk.eu\/2\/wp-content\/uploads\/2025\/01\/zaglavlje_znamenitosti_otocic_skojic-1-1536x791.jpg 1536w, https:\/\/ferienhaus-insel-krk.eu\/2\/wp-content\/uploads\/2025\/01\/zaglavlje_znamenitosti_otocic_skojic-1-1440x741.jpg 1440w, https:\/\/ferienhaus-insel-krk.eu\/2\/wp-content\/uploads\/2025\/01\/zaglavlje_znamenitosti_otocic_skojic-1-1200x618.jpg 1200w, https:\/\/ferienhaus-insel-krk.eu\/2\/wp-content\/uploads\/2025\/01\/zaglavlje_znamenitosti_otocic_skojic-1-780x401.jpg 780w, https:\/\/ferienhaus-insel-krk.eu\/2\/wp-content\/uploads\/2025\/01\/zaglavlje_znamenitosti_otocic_skojic-1-600x309.jpg 600w, https:\/\/ferienhaus-insel-krk.eu\/2\/wp-content\/uploads\/2025\/01\/zaglavlje_znamenitosti_otocic_skojic-1-550x283.jpg 550w, https:\/\/ferienhaus-insel-krk.eu\/2\/wp-content\/uploads\/2025\/01\/zaglavlje_znamenitosti_otocic_skojic-1-370x190.jpg 370w, https:\/\/ferienhaus-insel-krk.eu\/2\/wp-content\/uploads\/2025\/01\/zaglavlje_znamenitosti_otocic_skojic-1-255x131.jpg 255w, https:\/\/ferienhaus-insel-krk.eu\/2\/wp-content\/uploads\/2025\/01\/zaglavlje_znamenitosti_otocic_skojic-1.jpg 1904w\" sizes=\"(max-width: 1024px) 100vw, 1024px\" \/>\t\t\t\t\t\t\t\t\t\t\t\t\t\t\t<\/div>\n\t\t\t\t<\/div>\n\t\t\t\t\t<\/div>\n\t\t<\/div>\n\t\t\t\t<div class=\"elementor-column elementor-col-50 elementor-top-column elementor-element elementor-element-0de7271\" data-id=\"0de7271\" data-element_type=\"column\">\n\t\t\t<div class=\"elementor-widget-wrap elementor-element-populated\">\n\t\t\t\t\t\t<div class=\"elementor-element elementor-element-88974ba elementor-widget elementor-widget-cs_title\" data-id=\"88974ba\" data-element_type=\"widget\" data-widget_type=\"cs_title.default\">\n\t\t\t\t<div class=\"elementor-widget-container\">\n\t\t\t\t\t\n        <div class=\"cs-title-wrap\">\t            <div class=\"cs-subtitle-wrap\"><span class=\"cs-subtitle\">STANDORT:DOBRINJ, N 45 07.830, E 14 36.225\n<\/span><\/div>\t            <h2 class=\"cs-title\">\n\t                Maskeron\t            <\/h2>\t            <div class=\"cs-title-text\">\n\t                <p>Auf Ihrem Weg durch den Park Jardin werden Sie von den modernen steinernen Spatzen begleitet \u2013 Werke unserer Zeit. Im Gegensatz dazu steht der \u201eMaskeron\u201c: der steinerne M\u00e4nnerkopf gegen\u00fcber vom Platz. Dieses Werk wurde im Jahr 1738 von einem anonymen K\u00fcnstler geschaffen. Bis heute bleibt es ein R\u00e4tsel, wer den Maskeron erschaffen hat und was ihn dazu inspiriert hat.<\/p><p>Vielleicht sind es genau diese unbeantworteten Fragen, die dem Maskeron seinen besonderen Charme verleihen und ihn zu einem stillen Zeugen vergangener Jahrhunderte machen.<\/p>\t            <\/div>        <\/div>\t\t\t\t<\/div>\n\t\t\t\t<\/div>\n\t\t\t\t<div class=\"elementor-element elementor-element-36976d6 elementor-widget elementor-widget-image\" data-id=\"36976d6\" data-element_type=\"widget\" data-widget_type=\"image.default\">\n\t\t\t\t<div class=\"elementor-widget-container\">\n\t\t\t\t\t\t\t\t\t\t\t\t\t\t\t<img loading=\"lazy\" decoding=\"async\" width=\"1024\" height=\"527\" src=\"https:\/\/ferienhaus-insel-krk.eu\/2\/wp-content\/uploads\/2025\/01\/zaglavlje_znamenitosti_maskeron-1-1024x527.jpg\" class=\"attachment-large size-large wp-image-3275\" alt=\"\" srcset=\"https:\/\/ferienhaus-insel-krk.eu\/2\/wp-content\/uploads\/2025\/01\/zaglavlje_znamenitosti_maskeron-1-1024x527.jpg 1024w, https:\/\/ferienhaus-insel-krk.eu\/2\/wp-content\/uploads\/2025\/01\/zaglavlje_znamenitosti_maskeron-1-300x154.jpg 300w, https:\/\/ferienhaus-insel-krk.eu\/2\/wp-content\/uploads\/2025\/01\/zaglavlje_znamenitosti_maskeron-1-768x395.jpg 768w, https:\/\/ferienhaus-insel-krk.eu\/2\/wp-content\/uploads\/2025\/01\/zaglavlje_znamenitosti_maskeron-1-1536x791.jpg 1536w, https:\/\/ferienhaus-insel-krk.eu\/2\/wp-content\/uploads\/2025\/01\/zaglavlje_znamenitosti_maskeron-1-1440x741.jpg 1440w, https:\/\/ferienhaus-insel-krk.eu\/2\/wp-content\/uploads\/2025\/01\/zaglavlje_znamenitosti_maskeron-1-1200x618.jpg 1200w, https:\/\/ferienhaus-insel-krk.eu\/2\/wp-content\/uploads\/2025\/01\/zaglavlje_znamenitosti_maskeron-1-780x401.jpg 780w, https:\/\/ferienhaus-insel-krk.eu\/2\/wp-content\/uploads\/2025\/01\/zaglavlje_znamenitosti_maskeron-1-600x309.jpg 600w, https:\/\/ferienhaus-insel-krk.eu\/2\/wp-content\/uploads\/2025\/01\/zaglavlje_znamenitosti_maskeron-1-550x283.jpg 550w, https:\/\/ferienhaus-insel-krk.eu\/2\/wp-content\/uploads\/2025\/01\/zaglavlje_znamenitosti_maskeron-1-370x190.jpg 370w, https:\/\/ferienhaus-insel-krk.eu\/2\/wp-content\/uploads\/2025\/01\/zaglavlje_znamenitosti_maskeron-1-255x131.jpg 255w, https:\/\/ferienhaus-insel-krk.eu\/2\/wp-content\/uploads\/2025\/01\/zaglavlje_znamenitosti_maskeron-1.jpg 1904w\" sizes=\"(max-width: 1024px) 100vw, 1024px\" \/>\t\t\t\t\t\t\t\t\t\t\t\t\t\t\t<\/div>\n\t\t\t\t<\/div>\n\t\t\t\t\t<\/div>\n\t\t<\/div>\n\t\t\t\t\t<\/div>\n\t\t<\/section>\n\t\t\t\t<\/div>\n\t\t","protected":false},"excerpt":{"rendered":"<p>Sehensw\u00fcrdigkeiten Vielleicht schon seit dem 7. Jahrhundert, und ganz sicher \u201eseit 1100 nach Christus\u201c, sind sie hier \u2013 Menschen mit nur einer Vision, nur einem Ziel: zu \u00fcberleben. Mit nichts als ihrem Willen als innerer St\u00fctze und ihren wunden, schwieligen H\u00e4nden als einzigem Werkzeug. Erde, Stein, Holz, Sand, Meer, Wasser \u2013 alles ging durch ihre &#8230;<\/p>\n","protected":false},"author":1,"featured_media":0,"parent":0,"menu_order":0,"comment_status":"closed","ping_status":"closed","template":"template-wide-content.php","meta":{"cozystay_single_page_hide_site_header":"","cozystay_single_page_site_header_source":"","cozystay_single_page_custom_site_header":"0","cozystay_single_page_custom_sticky_site_header":"0","cozystay_single_page_hide_page_title":"on","cozystay_single_page_header_section_size":"","cozystay_single_page_header_background_color":"","cozystay_single_page_header_background_position_x":"center","cozystay_single_page_header_background_position_y":"center","cozystay_single_page_header_background_size":"cover","cozystay_single_page_header_background_repeat":"off","cozystay_single_page_header_background_scroll":"on","cozystay_single_page_header_text_color":"","cozystay_single_page_header_show_breadcrumb":"","cozystay_single_page_site_footer_hide_main":"","cozystay_single_custom_site_footer_main_source":"","cozystay_single_custom_site_footer_main":"0","cozystay_single_page_site_footer_hide_above":"","cozystay_single_custom_site_footer_above_source":"","cozystay_single_custom_site_footer_above":"0","cozystay_single_page_site_footer_hide_instagram":"","cozystay_single_page_site_footer_hide_bottom":"","cozystay_single_custom_mobile_menu_source":"","cozystay_single_custom_mobile_menu":"0","cozystay_single_custom_mobile_menu_animation":"","cozystay_single_custom_mobile_menu_width":"","cozystay_single_custom_mobile_menu_custom_width":375,"footnotes":""},"class_list":["post-3246","page","type-page","status-publish","hentry"],"lang":"de","translations":{"de":3246},"pll_sync_post":[],"_links":{"self":[{"href":"https:\/\/ferienhaus-insel-krk.eu\/2\/wp-json\/wp\/v2\/pages\/3246","targetHints":{"allow":["GET"]}}],"collection":[{"href":"https:\/\/ferienhaus-insel-krk.eu\/2\/wp-json\/wp\/v2\/pages"}],"about":[{"href":"https:\/\/ferienhaus-insel-krk.eu\/2\/wp-json\/wp\/v2\/types\/page"}],"author":[{"embeddable":true,"href":"https:\/\/ferienhaus-insel-krk.eu\/2\/wp-json\/wp\/v2\/users\/1"}],"replies":[{"embeddable":true,"href":"https:\/\/ferienhaus-insel-krk.eu\/2\/wp-json\/wp\/v2\/comments?post=3246"}],"version-history":[{"count":46,"href":"https:\/\/ferienhaus-insel-krk.eu\/2\/wp-json\/wp\/v2\/pages\/3246\/revisions"}],"predecessor-version":[{"id":3332,"href":"https:\/\/ferienhaus-insel-krk.eu\/2\/wp-json\/wp\/v2\/pages\/3246\/revisions\/3332"}],"wp:attachment":[{"href":"https:\/\/ferienhaus-insel-krk.eu\/2\/wp-json\/wp\/v2\/media?parent=3246"}],"curies":[{"name":"wp","href":"https:\/\/api.w.org\/{rel}","templated":true}]}}