{"id":3215,"date":"2025-01-03T18:25:34","date_gmt":"2025-01-03T17:25:34","guid":{"rendered":"https:\/\/ferienhaus-insel-krk.eu\/2\/?page_id=3215"},"modified":"2025-01-05T22:16:35","modified_gmt":"2025-01-05T21:16:35","slug":"aktivurlaub","status":"publish","type":"page","link":"https:\/\/ferienhaus-insel-krk.eu\/2\/aktivurlaub\/","title":{"rendered":"Aktivurlaub"},"content":{"rendered":"\t\t<div data-elementor-type=\"wp-page\" data-elementor-id=\"3215\" class=\"elementor elementor-3215\" data-elementor-post-type=\"page\">\n\t\t\t\t\t\t<section class=\"elementor-section elementor-top-section elementor-element elementor-element-801451a elementor-section-height-min-height cs-section-content-fullwidth cs-parallax-on-scroll cs_scroll_y_80 elementor-section-boxed elementor-section-height-default elementor-section-items-middle\" data-id=\"801451a\" data-element_type=\"section\" data-settings=\"{&quot;background_background&quot;:&quot;classic&quot;}\" data-cs-parallax-y=\"80\" style=\"background-image: none;\" data-cs-background-image=\"https:\/\/ferienhaus-insel-krk.eu\/2\/wp-content\/uploads\/2025\/01\/zaglavlje-bike.jpg\" data-cs-background-image-alt-text=\"\">\n\t\t\t\t\t\t\t<div class=\"elementor-background-overlay\"><\/div>\n\t\t\t\t\t\t\t<div class=\"elementor-container elementor-column-gap-no\">\n\t\t\t\t\t<div class=\"elementor-column elementor-col-100 elementor-top-column elementor-element elementor-element-7844eab dark-color\" data-id=\"7844eab\" data-element_type=\"column\">\n\t\t\t<div class=\"elementor-widget-wrap elementor-element-populated\">\n\t\t\t\t\t\t<div class=\"elementor-element elementor-element-b753ce4 elementor-widget elementor-widget-cs_title\" data-id=\"b753ce4\" data-element_type=\"widget\" data-widget_type=\"cs_title.default\">\n\t\t\t\t<div class=\"elementor-widget-container\">\n\t\t\t\t\t\n        <div class=\"cs-title-wrap text-center\">\t            <h1 class=\"cs-title\">\n\t                Aktivurlaub\t            <\/h1>        <\/div>\t\t\t\t<\/div>\n\t\t\t\t<\/div>\n\t\t\t\t\t<\/div>\n\t\t<\/div>\n\t\t\t\t\t<\/div>\n\t\t<\/section>\n\t\t\t\t<section class=\"elementor-section elementor-top-section elementor-element elementor-element-794445d elementor-section-boxed elementor-section-height-default elementor-section-height-default\" data-id=\"794445d\" data-element_type=\"section\">\n\t\t\t\t\t\t<div class=\"elementor-container elementor-column-gap-no\">\n\t\t\t\t\t<div class=\"elementor-column elementor-col-100 elementor-top-column elementor-element elementor-element-559ab60\" data-id=\"559ab60\" data-element_type=\"column\">\n\t\t\t<div class=\"elementor-widget-wrap elementor-element-populated\">\n\t\t\t\t\t\t<div class=\"elementor-element elementor-element-4f7870c elementor-widget elementor-widget-cs_title\" data-id=\"4f7870c\" data-element_type=\"widget\" data-widget_type=\"cs_title.default\">\n\t\t\t\t<div class=\"elementor-widget-container\">\n\t\t\t\t\t\n        <div class=\"cs-title-wrap\">\t            <div class=\"cs-title-text\">\n\t                <p>Urlaub machen bedeutet nicht nur, faul in der Sonne zu liegen. Zumindest nicht mehr so, wie es fr\u00fcher war. Heute wird Urlaub immer mehr zu einem Synonym f\u00fcr Aktivit\u00e4t, die zwar den Geist entspannt, aber auch gleichzeitig neue Energie freisetzt.<\/p><p>Um mit den Bed\u00fcrfnissen des modernen Reisenden Schritt zu halten, erweitern die Tourismusakteure in der Region Dobrinj\u0161tina jedes Jahr ihr Angebot. Mit kreativen Details wird der Urlaub hier nicht nur aktiver und spannender, sondern auch bereichernder und unvergesslich.<\/p><p>M\u00f6chten Sie wissen, wie und wo Sie sich in Dobrinj\u0161tina aktiv erholen und dabei K\u00f6rper und Geist st\u00e4rken k\u00f6nnen? Lesen Sie weiter!<\/p>\t            <\/div>        <\/div>\t\t\t\t<\/div>\n\t\t\t\t<\/div>\n\t\t\t\t\t<\/div>\n\t\t<\/div>\n\t\t\t\t\t<\/div>\n\t\t<\/section>\n\t\t\t\t<section class=\"elementor-section elementor-top-section elementor-element elementor-element-b0d51d9 elementor-section-boxed elementor-section-height-default elementor-section-height-default\" data-id=\"b0d51d9\" data-element_type=\"section\">\n\t\t\t\t\t\t<div class=\"elementor-container elementor-column-gap-no\">\n\t\t\t\t\t<div class=\"elementor-column elementor-col-66 elementor-top-column elementor-element elementor-element-80bd5b4\" data-id=\"80bd5b4\" data-element_type=\"column\">\n\t\t\t<div class=\"elementor-widget-wrap elementor-element-populated\">\n\t\t\t\t\t\t<div class=\"elementor-element elementor-element-eed933b elementor-widget elementor-widget-cs_title\" data-id=\"eed933b\" data-element_type=\"widget\" data-widget_type=\"cs_title.default\">\n\t\t\t\t<div class=\"elementor-widget-container\">\n\t\t\t\t\t\n        <div class=\"cs-title-wrap\">\t            <div class=\"cs-subtitle-wrap\"><span class=\"cs-subtitle\"> Das unvergessliche Erlebnis <\/span><\/div>\t            <h2 class=\"cs-title\">\n\t                Tauchen\t            <\/h2>\t            <div class=\"cs-title-text\">\n\t                <p>Fr\u00fcher f\u00fchrte Jules Verne seine Leser in die geheimnisvolle Welt der Tiefe \u2013 zumindest in ihrer Fantasie. Heute ist die Unterwasserwelt nicht l\u00e4nger nur ein Traum. Immer mehr Menschen wagen sich in die Tiefen des Meeres und entdecken eine Welt, die einst voller Geheimnisse war.<\/p><p>Tauchen ist l\u00e4ngst nicht mehr nur etwas f\u00fcr Abenteuerlustige. Es ist zu einem festen Bestandteil eines aktiven Urlaubs geworden. Die ruhigen, glitzernden Tiefen ziehen Jahr f\u00fcr Jahr mehr Besucher an \u2013 von neugierigen Anf\u00e4ngern bis hin zu wahren Enthusiasten der Unterwasserwelt.<\/p>\t            <\/div>        <\/div>\t\t\t\t<\/div>\n\t\t\t\t<\/div>\n\t\t\t\t\t<\/div>\n\t\t<\/div>\n\t\t\t\t<div class=\"elementor-column elementor-col-33 elementor-top-column elementor-element elementor-element-92d20ff\" data-id=\"92d20ff\" data-element_type=\"column\">\n\t\t\t<div class=\"elementor-widget-wrap elementor-element-populated\">\n\t\t\t\t\t\t<section class=\"elementor-section elementor-inner-section elementor-element elementor-element-af2727a elementor-section-content-bottom elementor-section-boxed elementor-section-height-default elementor-section-height-default\" data-id=\"af2727a\" data-element_type=\"section\" data-settings=\"{&quot;background_background&quot;:&quot;classic&quot;}\">\n\t\t\t\t\t\t<div class=\"elementor-container elementor-column-gap-no\">\n\t\t\t\t\t<div class=\"elementor-column elementor-col-100 elementor-inner-column elementor-element elementor-element-280cc42\" data-id=\"280cc42\" data-element_type=\"column\">\n\t\t\t<div class=\"elementor-widget-wrap elementor-element-populated\">\n\t\t\t\t\t\t<div class=\"elementor-element elementor-element-30c12b6 elementor-widget elementor-widget-image\" data-id=\"30c12b6\" data-element_type=\"widget\" data-widget_type=\"image.default\">\n\t\t\t\t<div class=\"elementor-widget-container\">\n\t\t\t\t\t\t\t\t\t\t\t\t\t\t\t<img fetchpriority=\"high\" decoding=\"async\" width=\"940\" height=\"600\" src=\"https:\/\/ferienhaus-insel-krk.eu\/2\/wp-content\/uploads\/2025\/01\/ronjenje.jpg\" class=\"attachment-large size-large wp-image-3217\" alt=\"\" srcset=\"https:\/\/ferienhaus-insel-krk.eu\/2\/wp-content\/uploads\/2025\/01\/ronjenje.jpg 940w, https:\/\/ferienhaus-insel-krk.eu\/2\/wp-content\/uploads\/2025\/01\/ronjenje-300x191.jpg 300w, https:\/\/ferienhaus-insel-krk.eu\/2\/wp-content\/uploads\/2025\/01\/ronjenje-768x490.jpg 768w, https:\/\/ferienhaus-insel-krk.eu\/2\/wp-content\/uploads\/2025\/01\/ronjenje-780x498.jpg 780w, https:\/\/ferienhaus-insel-krk.eu\/2\/wp-content\/uploads\/2025\/01\/ronjenje-600x383.jpg 600w, https:\/\/ferienhaus-insel-krk.eu\/2\/wp-content\/uploads\/2025\/01\/ronjenje-550x351.jpg 550w, https:\/\/ferienhaus-insel-krk.eu\/2\/wp-content\/uploads\/2025\/01\/ronjenje-370x236.jpg 370w, https:\/\/ferienhaus-insel-krk.eu\/2\/wp-content\/uploads\/2025\/01\/ronjenje-255x163.jpg 255w\" sizes=\"(max-width: 940px) 100vw, 940px\" \/>\t\t\t\t\t\t\t\t\t\t\t\t\t\t\t<\/div>\n\t\t\t\t<\/div>\n\t\t\t\t\t<\/div>\n\t\t<\/div>\n\t\t\t\t\t<\/div>\n\t\t<\/section>\n\t\t\t\t\t<\/div>\n\t\t<\/div>\n\t\t\t\t\t<\/div>\n\t\t<\/section>\n\t\t\t\t<section class=\"elementor-section elementor-top-section elementor-element elementor-element-2799cd1 elementor-section-boxed elementor-section-height-default elementor-section-height-default\" data-id=\"2799cd1\" data-element_type=\"section\">\n\t\t\t\t\t\t<div class=\"elementor-container elementor-column-gap-no\">\n\t\t\t\t\t<div class=\"elementor-column elementor-col-66 elementor-top-column elementor-element elementor-element-5c5a611\" data-id=\"5c5a611\" data-element_type=\"column\">\n\t\t\t<div class=\"elementor-widget-wrap elementor-element-populated\">\n\t\t\t\t\t\t<div class=\"elementor-element elementor-element-4271be7 elementor-widget elementor-widget-cs_title\" data-id=\"4271be7\" data-element_type=\"widget\" data-widget_type=\"cs_title.default\">\n\t\t\t\t<div class=\"elementor-widget-container\">\n\t\t\t\t\t\n        <div class=\"cs-title-wrap\">\t            <div class=\"cs-subtitle-wrap\"><span class=\"cs-subtitle\"> Das unvergessliche Erlebnis <\/span><\/div>\t            <h2 class=\"cs-title\">\n\t                Fahradtouren\t            <\/h2>\t            <div class=\"cs-title-text\">\n\t                <p>Dobrinj\u0161tina bietet Wege, die wie geschaffen sind f\u00fcr Spazierg\u00e4nge, Wanderungen oder Fahrradtouren.<\/p><p>Dank der wachsenden Beliebtheit des Radfahrens \u2013 als Sport und als Erholung \u2013 hat die Region zahlreiche Angebote f\u00fcr Radfahrer geschaffen. Besonders beliebt sind die entspannten, aber dennoch aktiven Fahrradtouren im Fr\u00fchjahr und Herbst, die es erm\u00f6glichen, die Saison fr\u00fcher zu beginnen und sp\u00e4ter zu beenden.<\/p><p>Das Radfahren hier ist mehr als nur Sport \u2013 es ist ein Weg, die wundersch\u00f6ne Natur Dobrinj\u0161tinas aktiv zu genie\u00dfen.<\/p>\t            <\/div>        <\/div>\t\t\t\t<\/div>\n\t\t\t\t<\/div>\n\t\t\t\t\t<\/div>\n\t\t<\/div>\n\t\t\t\t<div class=\"elementor-column elementor-col-33 elementor-top-column elementor-element elementor-element-19c84e0\" data-id=\"19c84e0\" data-element_type=\"column\">\n\t\t\t<div class=\"elementor-widget-wrap elementor-element-populated\">\n\t\t\t\t\t\t<section class=\"elementor-section elementor-inner-section elementor-element elementor-element-5b6d0c0 elementor-section-content-bottom elementor-section-boxed elementor-section-height-default elementor-section-height-default\" data-id=\"5b6d0c0\" data-element_type=\"section\" data-settings=\"{&quot;background_background&quot;:&quot;classic&quot;}\">\n\t\t\t\t\t\t<div class=\"elementor-container elementor-column-gap-no\">\n\t\t\t\t\t<div class=\"elementor-column elementor-col-100 elementor-inner-column elementor-element elementor-element-86389f8\" data-id=\"86389f8\" data-element_type=\"column\">\n\t\t\t<div class=\"elementor-widget-wrap elementor-element-populated\">\n\t\t\t\t\t\t<div class=\"elementor-element elementor-element-6a3c436 elementor-widget elementor-widget-image\" data-id=\"6a3c436\" data-element_type=\"widget\" data-widget_type=\"image.default\">\n\t\t\t\t<div class=\"elementor-widget-container\">\n\t\t\t\t\t\t\t\t\t\t\t\t\t\t\t<img decoding=\"async\" width=\"940\" height=\"600\" src=\"https:\/\/ferienhaus-insel-krk.eu\/2\/wp-content\/uploads\/2025\/01\/biciklizam.jpg\" class=\"attachment-large size-large wp-image-3224\" alt=\"\" srcset=\"https:\/\/ferienhaus-insel-krk.eu\/2\/wp-content\/uploads\/2025\/01\/biciklizam.jpg 940w, https:\/\/ferienhaus-insel-krk.eu\/2\/wp-content\/uploads\/2025\/01\/biciklizam-300x191.jpg 300w, https:\/\/ferienhaus-insel-krk.eu\/2\/wp-content\/uploads\/2025\/01\/biciklizam-768x490.jpg 768w, https:\/\/ferienhaus-insel-krk.eu\/2\/wp-content\/uploads\/2025\/01\/biciklizam-780x498.jpg 780w, https:\/\/ferienhaus-insel-krk.eu\/2\/wp-content\/uploads\/2025\/01\/biciklizam-600x383.jpg 600w, https:\/\/ferienhaus-insel-krk.eu\/2\/wp-content\/uploads\/2025\/01\/biciklizam-550x351.jpg 550w, https:\/\/ferienhaus-insel-krk.eu\/2\/wp-content\/uploads\/2025\/01\/biciklizam-370x236.jpg 370w, https:\/\/ferienhaus-insel-krk.eu\/2\/wp-content\/uploads\/2025\/01\/biciklizam-255x163.jpg 255w\" sizes=\"(max-width: 940px) 100vw, 940px\" \/>\t\t\t\t\t\t\t\t\t\t\t\t\t\t\t<\/div>\n\t\t\t\t<\/div>\n\t\t\t\t\t<\/div>\n\t\t<\/div>\n\t\t\t\t\t<\/div>\n\t\t<\/section>\n\t\t\t\t\t<\/div>\n\t\t<\/div>\n\t\t\t\t\t<\/div>\n\t\t<\/section>\n\t\t\t\t<section class=\"elementor-section elementor-top-section elementor-element elementor-element-fd77fc3 elementor-section-boxed elementor-section-height-default elementor-section-height-default\" data-id=\"fd77fc3\" data-element_type=\"section\">\n\t\t\t\t\t\t<div class=\"elementor-container elementor-column-gap-no\">\n\t\t\t\t\t<div class=\"elementor-column elementor-col-66 elementor-top-column elementor-element elementor-element-77cb88c\" data-id=\"77cb88c\" data-element_type=\"column\">\n\t\t\t<div class=\"elementor-widget-wrap elementor-element-populated\">\n\t\t\t\t\t\t<div class=\"elementor-element elementor-element-726a89f elementor-widget elementor-widget-cs_title\" data-id=\"726a89f\" data-element_type=\"widget\" data-widget_type=\"cs_title.default\">\n\t\t\t\t<div class=\"elementor-widget-container\">\n\t\t\t\t\t\n        <div class=\"cs-title-wrap\">\t            <div class=\"cs-subtitle-wrap\"><span class=\"cs-subtitle\"> Das unvergessliche Erlebnis <\/span><\/div>\t            <h2 class=\"cs-title\">\n\t                Bootsausl\u00fcge\t            <\/h2>\t            <div class=\"cs-title-text\">\n\t                <p>Erleben Sie Dobrinj\u0161tina vom Wasser aus! Organisierte Bootsausfl\u00fcge bieten Ihnen die M\u00f6glichkeit, die Region aus einer ganz neuen Perspektive kennenzulernen \u2013 und nicht nur Dobrinj\u0161tina, sondern auch die umliegenden Inseln wie Krk.<\/p><p>Viele dieser Boote sind wahre Sch\u00e4tze der Vergangenheit. Es handelt sich um traditionelle Holzboote, die \u00fcber Generationen hinweg in Familienbesitz waren. Heute haben sie ein neues Leben erhalten \u2013 liebevoll restauriert und mit einem Hauch von Nostalgie, um Besuchern unvergessliche Erlebnisse zu bieten.<\/p>\t            <\/div>        <\/div>\t\t\t\t<\/div>\n\t\t\t\t<\/div>\n\t\t\t\t\t<\/div>\n\t\t<\/div>\n\t\t\t\t<div class=\"elementor-column elementor-col-33 elementor-top-column elementor-element elementor-element-a785fd4\" data-id=\"a785fd4\" data-element_type=\"column\">\n\t\t\t<div class=\"elementor-widget-wrap elementor-element-populated\">\n\t\t\t\t\t\t<section class=\"elementor-section elementor-inner-section elementor-element elementor-element-3aed3dd elementor-section-content-bottom elementor-section-boxed elementor-section-height-default elementor-section-height-default\" data-id=\"3aed3dd\" data-element_type=\"section\" data-settings=\"{&quot;background_background&quot;:&quot;classic&quot;}\">\n\t\t\t\t\t\t<div class=\"elementor-container elementor-column-gap-no\">\n\t\t\t\t\t<div class=\"elementor-column elementor-col-100 elementor-inner-column elementor-element elementor-element-c5fffcb\" data-id=\"c5fffcb\" data-element_type=\"column\">\n\t\t\t<div class=\"elementor-widget-wrap elementor-element-populated\">\n\t\t\t\t\t\t<div class=\"elementor-element elementor-element-2ccb65a elementor-widget elementor-widget-image\" data-id=\"2ccb65a\" data-element_type=\"widget\" data-widget_type=\"image.default\">\n\t\t\t\t<div class=\"elementor-widget-container\">\n\t\t\t\t\t\t\t\t\t\t\t\t\t\t\t<img decoding=\"async\" width=\"940\" height=\"600\" src=\"https:\/\/ferienhaus-insel-krk.eu\/2\/wp-content\/uploads\/2025\/01\/aktivnosti-slide.jpg\" class=\"attachment-large size-large wp-image-3227\" alt=\"\" srcset=\"https:\/\/ferienhaus-insel-krk.eu\/2\/wp-content\/uploads\/2025\/01\/aktivnosti-slide.jpg 940w, https:\/\/ferienhaus-insel-krk.eu\/2\/wp-content\/uploads\/2025\/01\/aktivnosti-slide-300x191.jpg 300w, https:\/\/ferienhaus-insel-krk.eu\/2\/wp-content\/uploads\/2025\/01\/aktivnosti-slide-768x490.jpg 768w, https:\/\/ferienhaus-insel-krk.eu\/2\/wp-content\/uploads\/2025\/01\/aktivnosti-slide-780x498.jpg 780w, https:\/\/ferienhaus-insel-krk.eu\/2\/wp-content\/uploads\/2025\/01\/aktivnosti-slide-600x383.jpg 600w, https:\/\/ferienhaus-insel-krk.eu\/2\/wp-content\/uploads\/2025\/01\/aktivnosti-slide-550x351.jpg 550w, https:\/\/ferienhaus-insel-krk.eu\/2\/wp-content\/uploads\/2025\/01\/aktivnosti-slide-370x236.jpg 370w, https:\/\/ferienhaus-insel-krk.eu\/2\/wp-content\/uploads\/2025\/01\/aktivnosti-slide-255x163.jpg 255w\" sizes=\"(max-width: 940px) 100vw, 940px\" \/>\t\t\t\t\t\t\t\t\t\t\t\t\t\t\t<\/div>\n\t\t\t\t<\/div>\n\t\t\t\t\t<\/div>\n\t\t<\/div>\n\t\t\t\t\t<\/div>\n\t\t<\/section>\n\t\t\t\t\t<\/div>\n\t\t<\/div>\n\t\t\t\t\t<\/div>\n\t\t<\/section>\n\t\t\t\t<section class=\"elementor-section elementor-top-section elementor-element elementor-element-e44fa55 elementor-section-boxed elementor-section-height-default elementor-section-height-default\" data-id=\"e44fa55\" data-element_type=\"section\">\n\t\t\t\t\t\t<div class=\"elementor-container elementor-column-gap-no\">\n\t\t\t\t\t<div class=\"elementor-column elementor-col-100 elementor-top-column elementor-element elementor-element-966b2e0\" data-id=\"966b2e0\" data-element_type=\"column\">\n\t\t\t<div class=\"elementor-widget-wrap elementor-element-populated\">\n\t\t\t\t\t\t<div class=\"elementor-element elementor-element-ecce153 elementor-widget elementor-widget-cs_title\" data-id=\"ecce153\" data-element_type=\"widget\" data-widget_type=\"cs_title.default\">\n\t\t\t\t<div class=\"elementor-widget-container\">\n\t\t\t\t\t\n        <div class=\"cs-title-wrap\">\t            <h2 class=\"cs-title\">\n\t                Warum Dobrinj\u0161tina?\t            <\/h2>\t            <div class=\"cs-title-text\">\n\t                <p>Ob auf dem Fahrrad, beim Tauchen oder auf dem Wasser \u2013 Dobrinj\u0161tina bietet eine perfekte Mischung aus Aktivit\u00e4t und Entspannung. Hier k\u00f6nnen Sie die Seele baumeln lassen, w\u00e4hrend Sie gleichzeitig K\u00f6rper und Geist st\u00e4rken.<\/p><p>Lassen Sie sich von der Vielfalt und dem einzigartigen Flair dieser Region inspirieren. Dobrinj\u0161tina wartet auf Sie \u2013 aktiv, aufregend und immer ein bisschen anders.<\/p>\t            <\/div>        <\/div>\t\t\t\t<\/div>\n\t\t\t\t<\/div>\n\t\t\t\t\t<\/div>\n\t\t<\/div>\n\t\t\t\t\t<\/div>\n\t\t<\/section>\n\t\t\t\t<\/div>\n\t\t","protected":false},"excerpt":{"rendered":"<p>Aktivurlaub Urlaub machen bedeutet nicht nur, faul in der Sonne zu liegen. Zumindest nicht mehr so, wie es fr\u00fcher war. Heute wird Urlaub immer mehr zu einem Synonym f\u00fcr Aktivit\u00e4t, die zwar den Geist entspannt, aber auch gleichzeitig neue Energie freisetzt. Um mit den Bed\u00fcrfnissen des modernen Reisenden Schritt zu halten, erweitern die Tourismusakteure in &#8230;<\/p>\n","protected":false},"author":1,"featured_media":0,"parent":0,"menu_order":0,"comment_status":"closed","ping_status":"closed","template":"template-wide-content.php","meta":{"cozystay_single_page_hide_site_header":"","cozystay_single_page_site_header_source":"","cozystay_single_page_custom_site_header":"0","cozystay_single_page_custom_sticky_site_header":"0","cozystay_single_page_hide_page_title":"on","cozystay_single_page_header_section_size":"","cozystay_single_page_header_background_color":"","cozystay_single_page_header_background_position_x":"center","cozystay_single_page_header_background_position_y":"center","cozystay_single_page_header_background_size":"cover","cozystay_single_page_header_background_repeat":"off","cozystay_single_page_header_background_scroll":"on","cozystay_single_page_header_text_color":"","cozystay_single_page_header_show_breadcrumb":"","cozystay_single_page_site_footer_hide_main":"","cozystay_single_custom_site_footer_main_source":"","cozystay_single_custom_site_footer_main":"0","cozystay_single_page_site_footer_hide_above":"","cozystay_single_custom_site_footer_above_source":"","cozystay_single_custom_site_footer_above":"0","cozystay_single_page_site_footer_hide_instagram":"","cozystay_single_page_site_footer_hide_bottom":"","cozystay_single_custom_mobile_menu_source":"","cozystay_single_custom_mobile_menu":"0","cozystay_single_custom_mobile_menu_animation":"","cozystay_single_custom_mobile_menu_width":"","cozystay_single_custom_mobile_menu_custom_width":375,"footnotes":""},"class_list":["post-3215","page","type-page","status-publish","hentry"],"lang":"de","translations":{"de":3215},"pll_sync_post":[],"_links":{"self":[{"href":"https:\/\/ferienhaus-insel-krk.eu\/2\/wp-json\/wp\/v2\/pages\/3215","targetHints":{"allow":["GET"]}}],"collection":[{"href":"https:\/\/ferienhaus-insel-krk.eu\/2\/wp-json\/wp\/v2\/pages"}],"about":[{"href":"https:\/\/ferienhaus-insel-krk.eu\/2\/wp-json\/wp\/v2\/types\/page"}],"author":[{"embeddable":true,"href":"https:\/\/ferienhaus-insel-krk.eu\/2\/wp-json\/wp\/v2\/users\/1"}],"replies":[{"embeddable":true,"href":"https:\/\/ferienhaus-insel-krk.eu\/2\/wp-json\/wp\/v2\/comments?post=3215"}],"version-history":[{"count":19,"href":"https:\/\/ferienhaus-insel-krk.eu\/2\/wp-json\/wp\/v2\/pages\/3215\/revisions"}],"predecessor-version":[{"id":3310,"href":"https:\/\/ferienhaus-insel-krk.eu\/2\/wp-json\/wp\/v2\/pages\/3215\/revisions\/3310"}],"wp:attachment":[{"href":"https:\/\/ferienhaus-insel-krk.eu\/2\/wp-json\/wp\/v2\/media?parent=3215"}],"curies":[{"name":"wp","href":"https:\/\/api.w.org\/{rel}","templated":true}]}}