{"id":3,"date":"2024-12-19T19:29:02","date_gmt":"2024-12-19T19:29:02","guid":{"rendered":"https:\/\/ferienhaus-insel-krk.eu\/1\/?page_id=3"},"modified":"2025-01-05T23:18:02","modified_gmt":"2025-01-05T22:18:02","slug":"privacy-policy","status":"publish","type":"page","link":"https:\/\/ferienhaus-insel-krk.eu\/1\/privacy-policy\/","title":{"rendered":"Datenschutz"},"content":{"rendered":"\t\t<div data-elementor-type=\"wp-page\" data-elementor-id=\"3\" class=\"elementor elementor-3\" data-elementor-post-type=\"page\">\n\t\t\t\t<div class=\"elementor-element elementor-element-292dcd23 e-flex e-con-boxed e-con e-parent\" data-id=\"292dcd23\" data-element_type=\"container\">\n\t\t\t\t\t<div class=\"e-con-inner\">\n\t\t\t\t<div class=\"elementor-element elementor-element-33a8814b elementor-widget elementor-widget-text-editor\" data-id=\"33a8814b\" data-element_type=\"widget\" data-widget_type=\"text-editor.default\">\n\t\t\t\t<div class=\"elementor-widget-container\">\n\t\t\t\t\t\t\t\t\t\n<div>\n<div>\n<div>\n<div>\n<div dir=\"auto\">\n<div>\n<div>\n<p>\u00a0<\/p>\n<\/div>\n<\/div>\n<\/div>\n<\/div>\n<\/div>\n<\/div>\n<\/div>\n<p>\u00a0<\/p>\n<p>\u00a0<\/p>\n<div>\n<div>\n<div>\n<div>\n<div dir=\"auto\">\n<div>\n<div>\n<h3 class=\"wp-block-heading\"><strong>Datenschutz<\/strong><\/h3>\n<p>\u00a0<\/p>\n<p>Der Schutz Ihrer pers\u00f6nlichen Daten ist uns sehr wichtig. Im Folgenden informieren wir Sie dar\u00fcber, welche personenbezogenen Daten wir erheben, verarbeiten und speichern:<\/p>\n<ol>\n<li>\n<p><strong>Datenverarbeitung auf dieser Webseite:<\/strong><\/p>\n<ul>\n<li>Wir sammeln nur die notwendigen Informationen zur Nutzung unserer Webseite (z. B. IP-Adresse, besuchte Seiten).<\/li>\n<\/ul>\n<\/li>\n<li>\n<p><strong>Cookies:<\/strong><\/p>\n<ul>\n<li>Unsere Webseite verwendet Cookies, um das Nutzererlebnis zu verbessern. Weitere Informationen dazu finden Sie in unserer Cookie-Richtlinie.<\/li>\n<\/ul>\n<\/li>\n<li>\n<p><strong>Kontaktformular:<\/strong><\/p>\n<ul>\n<li>Wenn Sie uns \u00fcber das Kontaktformular kontaktieren, speichern wir die von Ihnen angegebenen Daten nur zur Bearbeitung Ihrer Anfrage.<\/li>\n<\/ul>\n<\/li>\n<li>\n<p><strong>Ihre Rechte:<\/strong><\/p>\n<ul>\n<li>Sie haben das Recht auf Auskunft, Berichtigung, L\u00f6schung und Einschr\u00e4nkung der Verarbeitung Ihrer Daten. Bitte kontaktieren Sie uns unter [Va\u0161a email adresa] f\u00fcr Anfragen.<\/li>\n<\/ul>\n<\/li>\n<\/ol>\n<p>Detaillierte Informationen finden Sie in unserer vollst\u00e4ndigen Datenschutzerkl\u00e4rung.<\/p>\n<\/div>\n<\/div>\n<\/div>\n<\/div>\n<\/div>\n<\/div>\n<\/div>\t\t\t\t\t\t\t\t<\/div>\n\t\t\t\t<\/div>\n\t\t\t\t\t<\/div>\n\t\t\t\t<\/div>\n\t\t\t\t<\/div>\n\t\t","protected":false},"excerpt":{"rendered":"<p>\u00a0 \u00a0 \u00a0 Datenschutz \u00a0 Der Schutz Ihrer pers\u00f6nlichen Daten ist uns sehr wichtig. Im Folgenden informieren wir Sie dar\u00fcber, welche personenbezogenen Daten wir erheben, verarbeiten und speichern: Datenverarbeitung auf dieser Webseite: Wir sammeln nur die notwendigen Informationen zur Nutzung unserer Webseite (z. B. IP-Adresse, besuchte Seiten). Cookies: Unsere Webseite verwendet Cookies, um das Nutzererlebnis &#8230;<\/p>\n","protected":false},"author":1,"featured_media":0,"parent":0,"menu_order":0,"comment_status":"closed","ping_status":"open","template":"elementor_header_footer","meta":{"cozystay_single_page_hide_site_header":"","cozystay_single_page_site_header_source":"","cozystay_single_page_custom_site_header":"0","cozystay_single_page_custom_sticky_site_header":"0","cozystay_single_page_hide_page_title":"","cozystay_single_page_header_section_size":"","cozystay_single_page_header_background_color":"","cozystay_single_page_header_background_position_x":"center","cozystay_single_page_header_background_position_y":"center","cozystay_single_page_header_background_size":"cover","cozystay_single_page_header_background_repeat":"off","cozystay_single_page_header_background_scroll":"on","cozystay_single_page_header_text_color":"","cozystay_single_page_header_show_breadcrumb":"","cozystay_single_page_site_footer_hide_main":"","cozystay_single_custom_site_footer_main_source":"","cozystay_single_custom_site_footer_main":"0","cozystay_single_page_site_footer_hide_above":"","cozystay_single_custom_site_footer_above_source":"","cozystay_single_custom_site_footer_above":"0","cozystay_single_page_site_footer_hide_instagram":"","cozystay_single_page_site_footer_hide_bottom":"","cozystay_single_custom_mobile_menu_source":"","cozystay_single_custom_mobile_menu":"0","cozystay_single_custom_mobile_menu_animation":"","cozystay_single_custom_mobile_menu_width":"","cozystay_single_custom_mobile_menu_custom_width":375,"footnotes":""},"class_list":["post-3","page","type-page","status-publish","hentry"],"lang":"de","translations":{"de":3},"pll_sync_post":[],"_links":{"self":[{"href":"https:\/\/ferienhaus-insel-krk.eu\/1\/wp-json\/wp\/v2\/pages\/3","targetHints":{"allow":["GET"]}}],"collection":[{"href":"https:\/\/ferienhaus-insel-krk.eu\/1\/wp-json\/wp\/v2\/pages"}],"about":[{"href":"https:\/\/ferienhaus-insel-krk.eu\/1\/wp-json\/wp\/v2\/types\/page"}],"author":[{"embeddable":true,"href":"https:\/\/ferienhaus-insel-krk.eu\/1\/wp-json\/wp\/v2\/users\/1"}],"replies":[{"embeddable":true,"href":"https:\/\/ferienhaus-insel-krk.eu\/1\/wp-json\/wp\/v2\/comments?post=3"}],"version-history":[{"count":10,"href":"https:\/\/ferienhaus-insel-krk.eu\/1\/wp-json\/wp\/v2\/pages\/3\/revisions"}],"predecessor-version":[{"id":3360,"href":"https:\/\/ferienhaus-insel-krk.eu\/1\/wp-json\/wp\/v2\/pages\/3\/revisions\/3360"}],"wp:attachment":[{"href":"https:\/\/ferienhaus-insel-krk.eu\/1\/wp-json\/wp\/v2\/media?parent=3"}],"curies":[{"name":"wp","href":"https:\/\/api.w.org\/{rel}","templated":true}]}}